{"id":7213,"date":"2015-07-07T10:37:39","date_gmt":"2015-07-07T08:37:39","guid":{"rendered":"https:\/\/dev.ct-chemie.ch\/product\/hmk-r765-2\/"},"modified":"2024-08-28T15:08:13","modified_gmt":"2024-08-28T13:08:13","slug":"hmk-r765","status":"publish","type":"product","link":"https:\/\/dev.ct-chemie.ch\/fr\/produit\/hmk-r765\/","title":{"rendered":"HMK R765"},"content":{"rendered":"<p>Anti-Slip &#8211; granit, gneiss, emaux &#8211;<br \/>\nAugmente la propri\u00e9t\u00e9 anti-d\u00e9rapante des surfaces en granit, gneiss trop lisses et en c\u00e9ramique \u00e9maill\u00e9e. La r\u00e9action chimique forme microscopiquement de petits pores qui exercent une action anti-d\u00e9rapante par temps humide. Avant le traitement, il convient de tester l\u2018efficacit\u00e9 d\u2018Anti-Slip sur un carreau \u00e9chantillon. Contient des acides fluorhydriques.<\/p>\n<p>Rendement: env. 20 \u2013 30 m2\/l<\/p>\n<p>Pi\u00e8ce \u00e0: 1 l <strong>sur commande (d\u00e9lais de livraison sur demande)<br \/>\n<\/strong>Carton \u00e0: 12 pce<\/p>\n","protected":false},"excerpt":{"rendered":"<p>Anti-Slip &#8211; granit, gneiss, emaux &#8211;<\/p>\n","protected":false},"featured_media":12007,"comment_status":"closed","ping_status":"closed","template":"","meta":{"_acf_changed":false},"product_cat":[183],"product_tag":[],"class_list":{"0":"post-7213","1":"product","2":"type-product","3":"status-publish","4":"has-post-thumbnail","6":"product_cat-profi-line","8":"first","9":"instock","10":"shipping-taxable","11":"purchasable","12":"product-type-simple"},"acf":[],"_links":{"self":[{"href":"https:\/\/dev.ct-chemie.ch\/fr\/wp-json\/wp\/v2\/product\/7213","targetHints":{"allow":["GET"]}}],"collection":[{"href":"https:\/\/dev.ct-chemie.ch\/fr\/wp-json\/wp\/v2\/product"}],"about":[{"href":"https:\/\/dev.ct-chemie.ch\/fr\/wp-json\/wp\/v2\/types\/product"}],"replies":[{"embeddable":true,"href":"https:\/\/dev.ct-chemie.ch\/fr\/wp-json\/wp\/v2\/comments?post=7213"}],"wp:featuredmedia":[{"embeddable":true,"href":"https:\/\/dev.ct-chemie.ch\/fr\/wp-json\/wp\/v2\/media\/12007"}],"wp:attachment":[{"href":"https:\/\/dev.ct-chemie.ch\/fr\/wp-json\/wp\/v2\/media?parent=7213"}],"wp:term":[{"taxonomy":"product_cat","embeddable":true,"href":"https:\/\/dev.ct-chemie.ch\/fr\/wp-json\/wp\/v2\/product_cat?post=7213"},{"taxonomy":"product_tag","embeddable":true,"href":"https:\/\/dev.ct-chemie.ch\/fr\/wp-json\/wp\/v2\/product_tag?post=7213"}],"curies":[{"name":"wp","href":"https:\/\/api.w.org\/{rel}","templated":true}]}}