{"id":6980,"date":"2015-07-06T16:16:26","date_gmt":"2015-07-06T14:16:26","guid":{"rendered":"https:\/\/dev.ct-chemie.ch\/product\/hmk-s242-2\/"},"modified":"2025-02-24T13:33:33","modified_gmt":"2025-02-24T12:33:33","slug":"hmk-s242","status":"publish","type":"product","link":"https:\/\/dev.ct-chemie.ch\/fr\/produit\/hmk-s242\/","title":{"rendered":"HMK  S242"},"content":{"rendered":"<p>Color refresher<br \/>\nR\u00e9duit la p\u00e9n\u00e9tration de l\u2019eau et des salissures dans les surfaces en pierre naturelle et artificielle \u00e0 l\u2019int\u00e9rieur et \u00e0 l\u2019ext\u00e9rieur. M\u00eame pour les surfaces polies. La couleur et la structure de la surface sont mises en valeur de fa\u00e7on optimal gr\u00e2ce \u00e0 la propi\u00e9t\u00e9 d\u2019accentuation des teintes. Contient solvants.<\/p>\n<p>Rendement: env. 5 \u2013 20 m2\/l<\/p>\n<p>Pi\u00e8ce\u00a0\u00e0: 1 l<br \/>\nCarton \u00e0: 12 pce<\/p>\n<p>Pi\u00e8ce\u00a0\u00e0: 5 l<br \/>\nCarton \u00e0: 2 pce<\/p>\n","protected":false},"excerpt":{"rendered":"<p>Color refresher<\/p>\n","protected":false},"featured_media":37579,"comment_status":"closed","ping_status":"closed","template":"","meta":{"_acf_changed":false},"product_cat":[191],"product_tag":[],"class_list":{"0":"post-6980","1":"product","2":"type-product","3":"status-publish","4":"has-post-thumbnail","6":"product_cat-stone-line","8":"first","9":"instock","10":"shipping-taxable","11":"purchasable","12":"product-type-variable"},"acf":[],"_links":{"self":[{"href":"https:\/\/dev.ct-chemie.ch\/fr\/wp-json\/wp\/v2\/product\/6980","targetHints":{"allow":["GET"]}}],"collection":[{"href":"https:\/\/dev.ct-chemie.ch\/fr\/wp-json\/wp\/v2\/product"}],"about":[{"href":"https:\/\/dev.ct-chemie.ch\/fr\/wp-json\/wp\/v2\/types\/product"}],"replies":[{"embeddable":true,"href":"https:\/\/dev.ct-chemie.ch\/fr\/wp-json\/wp\/v2\/comments?post=6980"}],"wp:featuredmedia":[{"embeddable":true,"href":"https:\/\/dev.ct-chemie.ch\/fr\/wp-json\/wp\/v2\/media\/37579"}],"wp:attachment":[{"href":"https:\/\/dev.ct-chemie.ch\/fr\/wp-json\/wp\/v2\/media?parent=6980"}],"wp:term":[{"taxonomy":"product_cat","embeddable":true,"href":"https:\/\/dev.ct-chemie.ch\/fr\/wp-json\/wp\/v2\/product_cat?post=6980"},{"taxonomy":"product_tag","embeddable":true,"href":"https:\/\/dev.ct-chemie.ch\/fr\/wp-json\/wp\/v2\/product_tag?post=6980"}],"curies":[{"name":"wp","href":"https:\/\/api.w.org\/{rel}","templated":true}]}}