{"id":6306,"date":"2015-06-25T10:30:46","date_gmt":"2015-06-25T08:30:46","guid":{"rendered":"https:\/\/dev.ct-chemie.ch\/?product=hmk-r152-2"},"modified":"2026-02-13T17:27:11","modified_gmt":"2026-02-13T16:27:11","slug":"hmk-r152","status":"publish","type":"product","link":"https:\/\/dev.ct-chemie.ch\/fr\/produit\/hmk-r152\/","title":{"rendered":"HMK R152"},"content":{"rendered":"<p>D\u00e9tachant graisses et cires<br \/>\nEst une p\u00e2te active d\u00e9tergente pr\u00eate \u00e0 l\u2019emploi, capable d\u2019\u00e9liminer les taches d\u2019huiles, de cires et de gras de la pierre<br \/>\nnaturelle et synth\u00e9tique, de la c\u00e9ramique, du clinker, de l\u2019agglom\u00e9r\u00e9 de ciment etc. HMK\u00ae R152 est adapt\u00e9 \u00e0 \u00e9liminer les impuret\u00e9s p\u00e9riph\u00e9riques dues au d\u00e9versement de plastificant.<\/p>\n<p>Rendement: env. 0,2 m2\/l<\/p>\n<p>Piece a: 250 ml<br \/>\nCarton a: 12 pz<\/p>\n<p>Piece a: 750 ml<br \/>\nCarton a: 12 pz<\/p>\n","protected":false},"excerpt":{"rendered":"<p>D\u00e9tachant graisses et cires<\/p>\n","protected":false},"featured_media":37367,"comment_status":"closed","ping_status":"closed","template":"","meta":{"_acf_changed":false},"product_cat":[1592,189],"product_tag":[],"class_list":{"0":"post-6306","1":"product","2":"type-product","3":"status-publish","4":"has-post-thumbnail","6":"product_cat-privat","7":"product_cat-basic-line","9":"first","10":"instock","11":"shipping-taxable","12":"purchasable","13":"product-type-variable"},"acf":[],"_links":{"self":[{"href":"https:\/\/dev.ct-chemie.ch\/fr\/wp-json\/wp\/v2\/product\/6306","targetHints":{"allow":["GET"]}}],"collection":[{"href":"https:\/\/dev.ct-chemie.ch\/fr\/wp-json\/wp\/v2\/product"}],"about":[{"href":"https:\/\/dev.ct-chemie.ch\/fr\/wp-json\/wp\/v2\/types\/product"}],"replies":[{"embeddable":true,"href":"https:\/\/dev.ct-chemie.ch\/fr\/wp-json\/wp\/v2\/comments?post=6306"}],"wp:featuredmedia":[{"embeddable":true,"href":"https:\/\/dev.ct-chemie.ch\/fr\/wp-json\/wp\/v2\/media\/37367"}],"wp:attachment":[{"href":"https:\/\/dev.ct-chemie.ch\/fr\/wp-json\/wp\/v2\/media?parent=6306"}],"wp:term":[{"taxonomy":"product_cat","embeddable":true,"href":"https:\/\/dev.ct-chemie.ch\/fr\/wp-json\/wp\/v2\/product_cat?post=6306"},{"taxonomy":"product_tag","embeddable":true,"href":"https:\/\/dev.ct-chemie.ch\/fr\/wp-json\/wp\/v2\/product_tag?post=6306"}],"curies":[{"name":"wp","href":"https:\/\/api.w.org\/{rel}","templated":true}]}}