{"id":5535,"date":"2015-07-01T09:24:37","date_gmt":"2015-07-01T07:24:37","guid":{"rendered":"http:\/\/ct-chemie.ch\/?product=ceteclean-aura-rosa-2"},"modified":"2026-04-21T10:34:15","modified_gmt":"2026-04-21T08:34:15","slug":"azett-precoderm-aura-rose","status":"publish","type":"product","link":"https:\/\/dev.ct-chemie.ch\/fr\/produit\/azett-precoderm-aura-rose\/","title":{"rendered":"Azett AURA ros\u00e9"},"content":{"rendered":"<p>Lotion douce pour le nettoyage des mains avec des mati\u00e8res nettoyantes cosm\u00e9tiques, neutres pour la peau et des substances nourrissantes. Pour des faibles salissures dans les domaines bureaux, administration et la gastronomie.<\/p>\n<p>Pi\u00e8ce \u00e0: 10\u00a0l<\/p>\n","protected":false},"excerpt":{"rendered":"<p>Lotion douce pour le nettoyage des mains avec des mati\u00e8res nettoyantes cosm\u00e9tiques<\/p>\n","protected":false},"featured_media":35020,"comment_status":"closed","ping_status":"closed","template":"","meta":{"_acf_changed":false},"product_cat":[1558,1592,199],"product_tag":[],"class_list":{"0":"post-5535","1":"product","2":"type-product","3":"status-publish","4":"has-post-thumbnail","6":"product_cat-nettoyage-des-mains","7":"product_cat-privat","8":"product_cat-produits-de-poissage-categorie","10":"first","11":"instock","12":"taxable","13":"shipping-taxable","14":"purchasable","15":"product-type-variable"},"acf":[],"_links":{"self":[{"href":"https:\/\/dev.ct-chemie.ch\/fr\/wp-json\/wp\/v2\/product\/5535","targetHints":{"allow":["GET"]}}],"collection":[{"href":"https:\/\/dev.ct-chemie.ch\/fr\/wp-json\/wp\/v2\/product"}],"about":[{"href":"https:\/\/dev.ct-chemie.ch\/fr\/wp-json\/wp\/v2\/types\/product"}],"replies":[{"embeddable":true,"href":"https:\/\/dev.ct-chemie.ch\/fr\/wp-json\/wp\/v2\/comments?post=5535"}],"wp:featuredmedia":[{"embeddable":true,"href":"https:\/\/dev.ct-chemie.ch\/fr\/wp-json\/wp\/v2\/media\/35020"}],"wp:attachment":[{"href":"https:\/\/dev.ct-chemie.ch\/fr\/wp-json\/wp\/v2\/media?parent=5535"}],"wp:term":[{"taxonomy":"product_cat","embeddable":true,"href":"https:\/\/dev.ct-chemie.ch\/fr\/wp-json\/wp\/v2\/product_cat?post=5535"},{"taxonomy":"product_tag","embeddable":true,"href":"https:\/\/dev.ct-chemie.ch\/fr\/wp-json\/wp\/v2\/product_tag?post=5535"}],"curies":[{"name":"wp","href":"https:\/\/api.w.org\/{rel}","templated":true}]}}