{"id":39910,"date":"2025-11-11T15:56:23","date_gmt":"2025-11-11T14:56:23","guid":{"rendered":"https:\/\/www.ct-chemie.ch\/?post_type=product&#038;p=39910"},"modified":"2025-11-11T16:10:12","modified_gmt":"2025-11-11T15:10:12","slug":"distributeur-pour-pates-lavantes-pour-les-mains-2-5l","status":"publish","type":"product","link":"https:\/\/dev.ct-chemie.ch\/fr\/produit\/distributeur-pour-pates-lavantes-pour-les-mains-2-5l\/","title":{"rendered":"Distributeur pour p\u00e2tes lavantes pour les mains 2,5L"},"content":{"rendered":"<p>Distributeur de p\u00e2tes nettoyages pour les mains \u00e0 base de farine de bois et de grain abrasifs naturels, tels que Atezz Ultra e Azett Ultra sp\u00e9cial natur.<br \/>\nAccessoires de montage inclus.<\/p>\n<p>Capacit\u00e9: 2,5 l<\/p>\n<p>Dimensions: 340 x 115 x 115 mm<\/p>\n","protected":false},"excerpt":{"rendered":"<p>Distributeur pour p\u00e2tes lavantes pour les mains \u00e0 haute viscosit\u00e9 avec agents abrasifs naturels<\/p>\n","protected":false},"featured_media":39919,"comment_status":"closed","ping_status":"closed","template":"","meta":{"_acf_changed":false},"product_cat":[1592,179],"product_tag":[],"class_list":{"0":"post-39910","1":"product","2":"type-product","3":"status-publish","4":"has-post-thumbnail","6":"product_cat-privat","7":"product_cat-systeme-de-dosage","9":"first","10":"instock","11":"taxable","12":"shipping-taxable","13":"purchasable","14":"product-type-simple"},"acf":[],"_links":{"self":[{"href":"https:\/\/dev.ct-chemie.ch\/fr\/wp-json\/wp\/v2\/product\/39910","targetHints":{"allow":["GET"]}}],"collection":[{"href":"https:\/\/dev.ct-chemie.ch\/fr\/wp-json\/wp\/v2\/product"}],"about":[{"href":"https:\/\/dev.ct-chemie.ch\/fr\/wp-json\/wp\/v2\/types\/product"}],"replies":[{"embeddable":true,"href":"https:\/\/dev.ct-chemie.ch\/fr\/wp-json\/wp\/v2\/comments?post=39910"}],"wp:featuredmedia":[{"embeddable":true,"href":"https:\/\/dev.ct-chemie.ch\/fr\/wp-json\/wp\/v2\/media\/39919"}],"wp:attachment":[{"href":"https:\/\/dev.ct-chemie.ch\/fr\/wp-json\/wp\/v2\/media?parent=39910"}],"wp:term":[{"taxonomy":"product_cat","embeddable":true,"href":"https:\/\/dev.ct-chemie.ch\/fr\/wp-json\/wp\/v2\/product_cat?post=39910"},{"taxonomy":"product_tag","embeddable":true,"href":"https:\/\/dev.ct-chemie.ch\/fr\/wp-json\/wp\/v2\/product_tag?post=39910"}],"curies":[{"name":"wp","href":"https:\/\/api.w.org\/{rel}","templated":true}]}}