{"id":3630,"date":"2015-06-19T05:07:31","date_gmt":"2015-06-19T03:07:31","guid":{"rendered":"https:\/\/dev.ct-chemie.ch\/?product=ceteflex-ms-315-2"},"modified":"2026-01-20T13:53:19","modified_gmt":"2026-01-20T12:53:19","slug":"ceteflex-ms-315","status":"publish","type":"product","link":"https:\/\/dev.ct-chemie.ch\/fr\/produit\/ceteflex-ms-315\/","title":{"rendered":"CeTeFlex MS 315"},"content":{"rendered":"<p class=\"p1\"><i>Hybride (MS polym\u00e8re), pour les jointures d\u2018extension et de raccordement \u00e0 l\u2018int\u00e9rieur et l\u2018ext\u00e9rieur. Excellentes propri\u00e9t\u00e9s de <\/i><i>transformation. Recouvrable, r\u00e9sistant aux charges UV et aux intemp\u00e9ries, exempt de silicon, de isocyanat et de solvant. Adaptation au <\/i><i>mouvement: 25%.<\/i><\/p>\n<p>R\u00e9sistance \u00e0 la temp\u00e9rature -40\u00b0 C \u2013 +90\u00b0 C.<\/p>\n<p>Couleurs: Voir le tableau des couleurs.<\/p>\n<p>Certification: EC1 Plus<\/p>\n<p>Cartouche \u00e0: 290 ml<br \/>\nCarton \u00e0: 12 pce<\/p>\n<p>Sachet\u00a0\u00e0: 600 ml<br \/>\nCarton \u00e0: 12 pce<\/p>\n","protected":false},"excerpt":{"rendered":"<p>Hybride (MS polym\u00e8re), pour les jointures d\u2018extension et de raccordement \u00e0 l\u2019int\u00e9rieure et l\u2019\u00e9xterieure.<\/p>\n","protected":false},"featured_media":34890,"comment_status":"closed","ping_status":"closed","template":"","meta":{"_acf_changed":false},"product_cat":[151],"product_tag":[],"class_list":{"0":"post-3630","1":"product","2":"type-product","3":"status-publish","4":"has-post-thumbnail","6":"product_cat-colles-categorie","8":"first","9":"instock","10":"shipping-taxable","11":"purchasable","12":"product-type-variable"},"acf":[],"_links":{"self":[{"href":"https:\/\/dev.ct-chemie.ch\/fr\/wp-json\/wp\/v2\/product\/3630","targetHints":{"allow":["GET"]}}],"collection":[{"href":"https:\/\/dev.ct-chemie.ch\/fr\/wp-json\/wp\/v2\/product"}],"about":[{"href":"https:\/\/dev.ct-chemie.ch\/fr\/wp-json\/wp\/v2\/types\/product"}],"replies":[{"embeddable":true,"href":"https:\/\/dev.ct-chemie.ch\/fr\/wp-json\/wp\/v2\/comments?post=3630"}],"wp:featuredmedia":[{"embeddable":true,"href":"https:\/\/dev.ct-chemie.ch\/fr\/wp-json\/wp\/v2\/media\/34890"}],"wp:attachment":[{"href":"https:\/\/dev.ct-chemie.ch\/fr\/wp-json\/wp\/v2\/media?parent=3630"}],"wp:term":[{"taxonomy":"product_cat","embeddable":true,"href":"https:\/\/dev.ct-chemie.ch\/fr\/wp-json\/wp\/v2\/product_cat?post=3630"},{"taxonomy":"product_tag","embeddable":true,"href":"https:\/\/dev.ct-chemie.ch\/fr\/wp-json\/wp\/v2\/product_tag?post=3630"}],"curies":[{"name":"wp","href":"https:\/\/api.w.org\/{rel}","templated":true}]}}