{"id":3484,"date":"2015-06-17T08:00:29","date_gmt":"2015-06-17T06:00:29","guid":{"rendered":"https:\/\/dev.ct-chemie.ch\/?product=cetesil-pool-2"},"modified":"2026-01-20T12:08:34","modified_gmt":"2026-01-20T11:08:34","slug":"cetesil-pool","status":"publish","type":"product","link":"https:\/\/dev.ct-chemie.ch\/fr\/produit\/cetesil-pool\/","title":{"rendered":"CeTeSil Pool"},"content":{"rendered":"<p class=\"p1\"><i>Silicone sp\u00e9ciale pour des jointures d\u2018extension et de raccordements pour les piscines de natation, saunas et secteurs humides permanentes <\/i><i>\u00e0 l\u2018int\u00e9rieur et \u00e0 l\u2019ext\u00e9rieur. R\u00e9ticulation neutre (oxime) et propri\u00e9t\u00e9s fongicides. R\u00e9sistant aux charges UV et aux intemp\u00e9ries et exempt de <\/i><i>plastifiants. R\u00e9sistant sous certaines conditions \u00e0 haute pression. 25% adaptation au mouvement. <\/i><i><\/i><\/p>\n<p>R\u00e9sistance \u00e0 la temp\u00e9rature: -40\u00b0 C \u00e0 +180\u00b0 C<\/p>\n<p>Couleurs: Voir le tableau des couleurs<\/p>\n<p>Cartouche \u00e0: 310 ml<br \/>\nCarton \u00e0: 12 pce<\/p>\n","protected":false},"excerpt":{"rendered":"<p>Silicone pour des piscines de natation, saunas et secteurs humides permanentes.<\/p>\n","protected":false},"featured_media":34883,"comment_status":"closed","ping_status":"closed","template":"","meta":{"_acf_changed":false},"product_cat":[17],"product_tag":[],"class_list":{"0":"post-3484","1":"product","2":"type-product","3":"status-publish","4":"has-post-thumbnail","6":"product_cat-silicones","8":"first","9":"instock","10":"shipping-taxable","11":"purchasable","12":"product-type-variable"},"acf":[],"_links":{"self":[{"href":"https:\/\/dev.ct-chemie.ch\/fr\/wp-json\/wp\/v2\/product\/3484","targetHints":{"allow":["GET"]}}],"collection":[{"href":"https:\/\/dev.ct-chemie.ch\/fr\/wp-json\/wp\/v2\/product"}],"about":[{"href":"https:\/\/dev.ct-chemie.ch\/fr\/wp-json\/wp\/v2\/types\/product"}],"replies":[{"embeddable":true,"href":"https:\/\/dev.ct-chemie.ch\/fr\/wp-json\/wp\/v2\/comments?post=3484"}],"wp:featuredmedia":[{"embeddable":true,"href":"https:\/\/dev.ct-chemie.ch\/fr\/wp-json\/wp\/v2\/media\/34883"}],"wp:attachment":[{"href":"https:\/\/dev.ct-chemie.ch\/fr\/wp-json\/wp\/v2\/media?parent=3484"}],"wp:term":[{"taxonomy":"product_cat","embeddable":true,"href":"https:\/\/dev.ct-chemie.ch\/fr\/wp-json\/wp\/v2\/product_cat?post=3484"},{"taxonomy":"product_tag","embeddable":true,"href":"https:\/\/dev.ct-chemie.ch\/fr\/wp-json\/wp\/v2\/product_tag?post=3484"}],"curies":[{"name":"wp","href":"https:\/\/api.w.org\/{rel}","templated":true}]}}