{"id":29330,"date":"2023-05-22T13:02:19","date_gmt":"2023-05-22T11:02:19","guid":{"rendered":"https:\/\/www.ct-chemie.ch\/?post_type=product&#038;p=29330"},"modified":"2025-01-22T07:11:51","modified_gmt":"2025-01-22T06:11:51","slug":"reinfix-natur-kopie","status":"publish","type":"product","link":"https:\/\/dev.ct-chemie.ch\/fr\/produit\/reinfix-natur-kopie\/","title":{"rendered":"Azett Ultra"},"content":{"rendered":"<p>P\u00e2te lavante pour les mains particuli\u00e8rement nourrissante aux particules frottantes naturelles. Pouvoir nettoyant \u00e9lev\u00e9 pour les salissures moyennes \u00e0 fortes dans les zones industrielles et les ateliers. Convient aux distributeurs de p\u00e2te \u00e0 laver les mains Kamar 103 et 104.<\/p>\n<p>Pi\u00e8ce \u00e0: 500 ml<br \/>\nCarton \u00e0: 24 pce<\/p>\n<p>Pi\u00e8ce \u00e0: 5 l<br \/>\nCarton \u00e0: 1 pce<\/p>\n<p>Pi\u00e8ce \u00e0: 10 l<br \/>\nCarton \u00e0: 1 pce<\/p>\n","protected":false},"excerpt":{"rendered":"<p>P\u00e2te lavante pour les mains particuli\u00e8rement nourrissante aux particules frottantes naturelles<\/p>\n","protected":false},"featured_media":35034,"comment_status":"closed","ping_status":"closed","template":"","meta":{"_acf_changed":false},"product_cat":[1558,1592],"product_tag":[],"class_list":{"0":"post-29330","1":"product","2":"type-product","3":"status-publish","4":"has-post-thumbnail","6":"product_cat-nettoyage-des-mains","7":"product_cat-privat","9":"first","10":"instock","11":"taxable","12":"shipping-taxable","13":"purchasable","14":"product-type-variable"},"acf":[],"_links":{"self":[{"href":"https:\/\/dev.ct-chemie.ch\/fr\/wp-json\/wp\/v2\/product\/29330","targetHints":{"allow":["GET"]}}],"collection":[{"href":"https:\/\/dev.ct-chemie.ch\/fr\/wp-json\/wp\/v2\/product"}],"about":[{"href":"https:\/\/dev.ct-chemie.ch\/fr\/wp-json\/wp\/v2\/types\/product"}],"replies":[{"embeddable":true,"href":"https:\/\/dev.ct-chemie.ch\/fr\/wp-json\/wp\/v2\/comments?post=29330"}],"wp:featuredmedia":[{"embeddable":true,"href":"https:\/\/dev.ct-chemie.ch\/fr\/wp-json\/wp\/v2\/media\/35034"}],"wp:attachment":[{"href":"https:\/\/dev.ct-chemie.ch\/fr\/wp-json\/wp\/v2\/media?parent=29330"}],"wp:term":[{"taxonomy":"product_cat","embeddable":true,"href":"https:\/\/dev.ct-chemie.ch\/fr\/wp-json\/wp\/v2\/product_cat?post=29330"},{"taxonomy":"product_tag","embeddable":true,"href":"https:\/\/dev.ct-chemie.ch\/fr\/wp-json\/wp\/v2\/product_tag?post=29330"}],"curies":[{"name":"wp","href":"https:\/\/api.w.org\/{rel}","templated":true}]}}