{"id":18860,"date":"2019-10-21T15:35:51","date_gmt":"2019-10-21T13:35:51","guid":{"rendered":"https:\/\/www.ct-chemie.ch\/?post_type=product&#038;p=18860"},"modified":"2024-11-22T12:21:43","modified_gmt":"2024-11-22T11:21:43","slug":"distributeur-pour-savon-tv23a-kopie","status":"publish","type":"product","link":"https:\/\/dev.ct-chemie.ch\/fr\/produit\/distributeur-pour-savon-tv23a-kopie\/","title":{"rendered":"Distributeur pour savon TCV"},"content":{"rendered":"<p class=\"p1\">Distributeur de savon en m\u00e9tal, pour le dosage de nettoyants pour les mains \u00e0 haute viscosit\u00e9 avec effet abrasif et de savons liquides.<\/p>\n<p class=\"p1\">Appropri\u00e9 pour ProfiClean, Aura ros\u00e9, Aura blue. Verrouillable, accessoires de montage compris.<\/p>\n<p class=\"p1\">Hauteur r\u00e9glable: 5,7 \/ 2,2 ml<\/p>\n<p>Contenu: 1 l<\/p>\n<p>Dimensions: 295 x 95 x 95 mm<\/p>\n","protected":false},"excerpt":{"rendered":"<p>Distributeur de savon en m\u00e9tal<\/p>\n","protected":false},"featured_media":18848,"comment_status":"closed","ping_status":"closed","template":"","meta":{"_acf_changed":false},"product_cat":[1592,179],"product_tag":[],"class_list":{"0":"post-18860","1":"product","2":"type-product","3":"status-publish","4":"has-post-thumbnail","6":"product_cat-privat","7":"product_cat-systeme-de-dosage","9":"first","10":"instock","11":"taxable","12":"shipping-taxable","13":"purchasable","14":"product-type-simple"},"acf":[],"_links":{"self":[{"href":"https:\/\/dev.ct-chemie.ch\/fr\/wp-json\/wp\/v2\/product\/18860","targetHints":{"allow":["GET"]}}],"collection":[{"href":"https:\/\/dev.ct-chemie.ch\/fr\/wp-json\/wp\/v2\/product"}],"about":[{"href":"https:\/\/dev.ct-chemie.ch\/fr\/wp-json\/wp\/v2\/types\/product"}],"replies":[{"embeddable":true,"href":"https:\/\/dev.ct-chemie.ch\/fr\/wp-json\/wp\/v2\/comments?post=18860"}],"wp:featuredmedia":[{"embeddable":true,"href":"https:\/\/dev.ct-chemie.ch\/fr\/wp-json\/wp\/v2\/media\/18848"}],"wp:attachment":[{"href":"https:\/\/dev.ct-chemie.ch\/fr\/wp-json\/wp\/v2\/media?parent=18860"}],"wp:term":[{"taxonomy":"product_cat","embeddable":true,"href":"https:\/\/dev.ct-chemie.ch\/fr\/wp-json\/wp\/v2\/product_cat?post=18860"},{"taxonomy":"product_tag","embeddable":true,"href":"https:\/\/dev.ct-chemie.ch\/fr\/wp-json\/wp\/v2\/product_tag?post=18860"}],"curies":[{"name":"wp","href":"https:\/\/api.w.org\/{rel}","templated":true}]}}