{"id":7616,"date":"2015-07-09T11:31:43","date_gmt":"2015-07-09T09:31:43","guid":{"rendered":"https:\/\/dev.ct-chemie.ch\/fr\/produits\/informations\/pierre-artificielle\/"},"modified":"2025-03-11T14:57:20","modified_gmt":"2025-03-11T13:57:20","slug":"pierre-artificielle","status":"publish","type":"page","link":"https:\/\/dev.ct-chemie.ch\/fr\/produits\/informations\/pierre-artificielle\/","title":{"rendered":"Pierre artificielle \/ Carreaux en ciment"},"content":{"rendered":"<p>Un agglom\u00e9rat compos\u00e9 de diverses grenures de pierres naturelles et d\u2019une mati\u00e8re agglutinante (ciment ou r\u00e9sine synth\u00e9tique) qui est m\u00e9lang\u00e9 et coul\u00e9 comme pierre artificielle. Ensuite la surface est soumise \u00e0 une finition m\u00e9canique (par exemple lavage, jet de sable, poncage, polissage). Il faut veiller pour ne pas endommager la pierre artificielle par des acides ou fortes lessives. Veuillez, contr\u00f4ler la r\u00e9sistance aux produits chimiques de votre pierre artificielle, avant d\u2019employer un produit pour le nettoyage.<\/p>\n<hr \/>\n<h2>Information technique<\/h2>\n<p><a href=\"https:\/\/dev.ct-chemie.ch\/wp-content\/uploads\/HMK_TI-Aussenbela\u0308ge.pdf\">HMK_Surfaces ext\u00e9rieures<\/a><\/p>\n<p><a href=\"https:\/\/dev.ct-chemie.ch\/wp-content\/uploads\/HMK_TI-Bodenbela\u0308ge-aus-Zementplatten.pdf\">HMK_Rev\u00eatements en carreaux en ciment<\/a><\/p>\n<p><a href=\"https:\/\/dev.ct-chemie.ch\/wp-content\/uploads\/HMK_TI-Kunststein.pdf\">HMK_Pierre artificielle<\/a><\/p>\n<p><a href=\"https:\/\/dev.ct-chemie.ch\/wp-content\/uploads\/HMK_TI-5.1.pdf\">HMK_TI 5.1 Beton, Terrazzo &#8211; nettoyage et entretien<\/a><\/p>\n<p><a href=\"https:\/\/dev.ct-chemie.ch\/wp-content\/uploads\/HMK_TI-30.1.pdf\">HMK_TI 30.1 Pierre naturelle et artificielle r\u00e9pondant aux conditions antiglissance R9<\/a><\/p>\n","protected":false},"excerpt":{"rendered":"<p>Un agglom\u00e9rat compos\u00e9 de diverses grenures de pierres naturelles et d\u2019une mati\u00e8re agglutinante (ciment ou r\u00e9sine synth\u00e9tique) qui est m\u00e9lang\u00e9 et coul\u00e9 comme pierre artificielle. Ensuite la surface est soumise [&hellip;]<\/p>\n","protected":false},"author":1,"featured_media":0,"parent":7438,"menu_order":6,"comment_status":"closed","ping_status":"closed","template":"","meta":{"_acf_changed":false,"footnotes":""},"class_list":["post-7616","page","type-page","status-publish","hentry"],"acf":[],"_links":{"self":[{"href":"https:\/\/dev.ct-chemie.ch\/fr\/wp-json\/wp\/v2\/pages\/7616","targetHints":{"allow":["GET"]}}],"collection":[{"href":"https:\/\/dev.ct-chemie.ch\/fr\/wp-json\/wp\/v2\/pages"}],"about":[{"href":"https:\/\/dev.ct-chemie.ch\/fr\/wp-json\/wp\/v2\/types\/page"}],"author":[{"embeddable":true,"href":"https:\/\/dev.ct-chemie.ch\/fr\/wp-json\/wp\/v2\/users\/1"}],"replies":[{"embeddable":true,"href":"https:\/\/dev.ct-chemie.ch\/fr\/wp-json\/wp\/v2\/comments?post=7616"}],"version-history":[{"count":1,"href":"https:\/\/dev.ct-chemie.ch\/fr\/wp-json\/wp\/v2\/pages\/7616\/revisions"}],"predecessor-version":[{"id":30291,"href":"https:\/\/dev.ct-chemie.ch\/fr\/wp-json\/wp\/v2\/pages\/7616\/revisions\/30291"}],"up":[{"embeddable":true,"href":"https:\/\/dev.ct-chemie.ch\/fr\/wp-json\/wp\/v2\/pages\/7438"}],"wp:attachment":[{"href":"https:\/\/dev.ct-chemie.ch\/fr\/wp-json\/wp\/v2\/media?parent=7616"}],"curies":[{"name":"wp","href":"https:\/\/api.w.org\/{rel}","templated":true}]}}